{"id":8126,"date":"2015-10-26T11:08:51","date_gmt":"2015-10-26T11:08:51","guid":{"rendered":"https:\/\/termico.co\/kontakt\/"},"modified":"2024-02-06T12:37:09","modified_gmt":"2024-02-06T12:37:09","slug":"kontakt","status":"publish","type":"page","link":"https:\/\/termico.co\/es\/kontakt\/","title":{"rendered":"Contacto"},"content":{"rendered":"<section class=\"l-section wpb_row height_medium color_primary\"><div class=\"l-section-h i-cf\"><div class=\"g-cols vc_row via_grid cols_1 laptops-cols_inherit tablets-cols_inherit mobiles-cols_1 valign_top type_default stacking_default\"><div class=\"wpb_column vc_column_container us_custom_6c21c073 us_animate_this\"><div class=\"vc_column-inner\"><div class=\"wpb_text_column\"><div class=\"wpb_wrapper\"><h1><span class=\"HwtZe\" lang=\"es\"><span class=\"jCAhz ChMk0b\"><span class=\"ryNqvb\">Contacto<\/span><\/span><\/span><\/h1>\n<\/div><\/div><div class=\"w-separator size_custom\" style=\"height:1rem\"><\/div><div class=\"wpb_text_column\"><div class=\"wpb_wrapper\"><h5>\u00bfTiene usted alguna pregunta acerca de nuestros productos y servicios?<\/h5>\n<p>Por favor complete el siguiente formulario y le contactaremos lo antes posible.<\/p>\n<\/div><\/div><\/div><\/div><\/div><\/div><\/section><section class=\"l-section wpb_row height_custom\"><div class=\"l-section-h i-cf\"><div class=\"g-cols vc_row via_grid cols_1 laptops-cols_inherit tablets-cols_inherit mobiles-cols_1 valign_top type_default stacking_default\" style=\"--columns-gap:calc(3rem + 10px);\"><div class=\"wpb_column vc_column_container\"><div class=\"vc_column-inner\"><div class=\"w-separator size_small\"><\/div><div class=\"g-cols wpb_row via_grid cols_2 laptops-cols_inherit tablets-cols_inherit mobiles-cols_1 valign_top type_default stacking_default\" style=\"--columns-gap:3rem;\"><div class=\"wpb_column vc_column_container us_custom_6c21c073 us_animate_this\"><div class=\"vc_column-inner\"><form class=\"w-form  us-field-style_1 us_custom_4076faf9 has_text_color layout_ver show_message_after_sending for_cform us_form_1\" action=\"https:\/\/termico.co\/es\/wp-json\/wp\/v2\/pages\/8126\" method=\"post\"><div class=\"w-form-h\"><div class=\"w-form-row for_select has_label with_icon cols_2\">\r\n\t\t\t<div class=\"w-form-row-label\">\r\n\t\t\t<span>Forma de trato<\/span>\r\n\t\t<\/div>\r\n\t\t<div class=\"w-form-row-field\">\r\n\t\t\t\t<i class=\"fal fa-user\"><\/i>\t\t<select aria-label=\"Forma de trato\" name=\"us_form_1_select_1\">\r\n\t\t\t<option value=\"Se\u00f1ora\">Se\u00f1ora<\/option><option value=\"Se\u00f1or\">Se\u00f1or<\/option>\t\t<\/select>\r\n\t\t\t<\/div>\r\n\t\t<div class=\"w-form-row-state\">Selecciona una opci\u00f3n<\/div>\r\n<\/div>\r\n<div class=\"w-form-row for_text has_label required cols_2\">\r\n\t\t\t<div class=\"w-form-row-label\">\r\n\t\t\t<span>Nombre *<\/span>\r\n\t\t<\/div>\r\n\t\t<div class=\"w-form-row-field\">\r\n\t\t\t\t\t\t<input aria-label=\"Nombre\" type=\"text\" name=\"us_form_1_text_1\" value placeholder data-required=\"true\" aria-required=\"true\"\/>\r\n\t\t\t<\/div>\r\n\t\t<div class=\"w-form-row-state\">Rellena este campo<\/div>\r\n<\/div>\r\n<div class=\"w-form-row for_text has_label required cols_2\">\r\n\t\t\t<div class=\"w-form-row-label\">\r\n\t\t\t<span>Compa\u00f1ia *<\/span>\r\n\t\t<\/div>\r\n\t\t<div class=\"w-form-row-field\">\r\n\t\t\t\t\t\t<input aria-label=\"Compa\u00f1ia\" type=\"text\" name=\"us_form_1_text_2\" value placeholder data-required=\"true\" aria-required=\"true\"\/>\r\n\t\t\t<\/div>\r\n\t\t<div class=\"w-form-row-state\">Rellena este campo<\/div>\r\n<\/div>\r\n<div class=\"w-form-row for_text has_label cols_2\">\r\n\t\t\t<div class=\"w-form-row-label\">\r\n\t\t\t<span>Calle<\/span>\r\n\t\t<\/div>\r\n\t\t<div class=\"w-form-row-field\">\r\n\t\t\t\t\t\t<input aria-label=\"Calle\" type=\"text\" name=\"us_form_1_text_3\" value placeholder\/>\r\n\t\t\t<\/div>\r\n\t\t<div class=\"w-form-row-state\">Rellena este campo<\/div>\r\n<\/div>\r\n<div class=\"w-form-row for_text has_label cols_2\">\r\n\t\t\t<div class=\"w-form-row-label\">\r\n\t\t\t<span>C\u00f3digo Postal\/lugar<\/span>\r\n\t\t<\/div>\r\n\t\t<div class=\"w-form-row-field\">\r\n\t\t\t\t\t\t<input aria-label=\"C\u00f3digo Postal\/lugar\" type=\"text\" name=\"us_form_1_text_4\" value placeholder\/>\r\n\t\t\t<\/div>\r\n\t\t<div class=\"w-form-row-state\">Rellena este campo<\/div>\r\n<\/div>\r\n<div class=\"w-form-row for_text has_label cols_2\">\r\n\t\t\t<div class=\"w-form-row-label\">\r\n\t\t\t<span>Pa\u00eds<\/span>\r\n\t\t<\/div>\r\n\t\t<div class=\"w-form-row-field\">\r\n\t\t\t\t\t\t<input aria-label=\"Pa\u00eds\" type=\"text\" name=\"us_form_1_text_5\" value placeholder\/>\r\n\t\t\t<\/div>\r\n\t\t<div class=\"w-form-row-state\">Rellena este campo<\/div>\r\n<\/div>\r\n<div class=\"w-form-row for_email has_label required with_icon cols_2\">\r\n\t\t\t<div class=\"w-form-row-label\">\r\n\t\t\t<span>Correo electr\u00f3nico *<\/span>\r\n\t\t<\/div>\r\n\t\t<div class=\"w-form-row-field\">\r\n\t\t\t\t<i class=\"fal fa-envelope\"><\/i>\t\t<input aria-label=\"Correo electr\u00f3nico\" type=\"email\" name=\"us_form_1_email_1\" value placeholder data-required=\"true\" aria-required=\"true\"\/>\r\n\t\t\t<\/div>\r\n\t\t<div class=\"w-form-row-state\">Por favor, introduce una direcci\u00f3n de correo electr\u00f3nico v\u00e1lida.<\/div>\r\n<\/div>\r\n<div class=\"w-form-row for_text has_label cols_2\">\r\n\t\t\t<div class=\"w-form-row-label\">\r\n\t\t\t<span>Telefono<\/span>\r\n\t\t<\/div>\r\n\t\t<div class=\"w-form-row-field\">\r\n\t\t\t\t\t\t<input aria-label=\"Telefono\" inputmode=\"tel\" type=\"text\" name=\"us_form_1_text_6\" value placeholder\/>\r\n\t\t\t<\/div>\r\n\t\t<div class=\"w-form-row-state\">Rellena este campo<\/div>\r\n<\/div>\r\n<div class=\"w-form-row for_textarea has_label required with_icon\">\r\n\t\t\t<div class=\"w-form-row-label\">\r\n\t\t\t<span>Mensaje *<\/span>\r\n\t\t<\/div>\r\n\t\t<div class=\"w-form-row-field\">\r\n\t\t\t\t<i class=\"fal fa-pencil\"><\/i>\t\t<textarea aria-label=\"Mensaje\" name=\"us_form_1_textarea_1\" placeholder data-required=\"true\" aria-required=\"true\"><\/textarea>\r\n\t\t\t<\/div>\r\n\t\t<div class=\"w-form-row-state\">Rellena este campo<\/div>\r\n<\/div>\r\n<div class=\"w-form-row for_captcha has_label required\">\r\n\t<div class=\"w-form-row-label\">\r\n\t\t<span>Resultado (Protecci\u00f3n SPAM): <span>28 + 12 = ?<\/span><\/span>\r\n\t<\/div>\r\n\t<div class=\"w-form-row-field\">\r\n\t\t\t\t<input type=\"hidden\" name=\"us_form_1_captcha_1_hash\" value=\"07160aec771525774236aaf6c2cb8606\" \/>\r\n\t\t\t\t<input aria-label=\"Resultado (Protecci\u00f3n SPAM):\" type=\"text\" name=\"us_form_1_captcha_1\" placeholder data-required=\"true\" aria-required=\"true\"\/>\r\n\t\t\t<\/div>\r\n\t\t<div class=\"w-form-row-state\">Escriba el resultado de la operaci\u00f3n para continuar<\/div>\r\n<\/div>\r\n<input type=\"hidden\" name=\"action\" value=\"us_ajax_cform\" \/>\r\n<input type=\"hidden\" name=\"post_id\" value=\"0\" \/>\r\n<input type=\"hidden\" name=\"form_index\" value=\"1\" \/>\r\n<div class=\"w-form-row for_submit align_none\"><button class=\"w-btn us-btn-style_1\" type=\"submit\" aria-label=\"Enviar\"><span class=\"g-preloader type_1\"><\/span><span class=\"w-btn-label\">Enviar<\/span><\/button><\/div><\/div><div class=\"w-form-message\"><\/div><div class=\"w-form-json hidden\" onclick='return {&quot;ajaxurl&quot;:&quot;https:\\\/\\\/termico.co\\\/wp-admin\\\/admin-ajax.php&quot;,&quot;messages&quot;:{&quot;err_empty&quot;:&quot;Rellena este campo&quot;,&quot;err_size&quot;:&quot;El tama\\u00f1o del archivo no puede exceder %s MB&quot;,&quot;err_extension&quot;:&quot;El tipo de archivo %s no est\\u00e1 permitido&quot;,&quot;err_recaptcha_keys&quot;:&quot;Las claves de reCAPTCHA son incorrectas&quot;}}'><\/div><\/form><\/div><\/div><div class=\"wpb_column vc_column_container us_custom_3e61084f has_text_color us_animate_this\"><div class=\"vc_column-inner\"><div class=\"w-separator size_small\"><\/div><div class=\"wpb_text_column\"><div class=\"wpb_wrapper\"><p><strong>Termico GmbH<\/strong><br \/>\nWiesenweg 2a<br \/>\n77955 Ettenheim<br \/>\nGermany<\/p>\n<p>Tel. (+49) 7822 86 13091<br \/>\n<a href=\"&#x6d;&#x61;&#105;lt&#x6f;&#x3a;&#105;&#110;f&#x6f;&#x40;&#116;&#101;r&#x6d;&#x69;&#x63;&#111;&#46;c&#x6f;\">info&#64;&#116;&#101;&#114;&#109;&#x69;&#x63;&#x6f;&#x2e;&#x63;&#x6f;<\/a><br \/>\n<a href=\"http:\/\/www.termico.co\">www.termico.co<\/a><\/p>\n<p><strong>Directora Ejecutiva:<\/strong> Rosmary Lizardo de Hummel<\/p>\n<p>Rut: DE336181654<br \/>\nCorreo electr\u00f3nico: <a href=\"m&#97;&#105;&#x6c;&#x74;o:&#105;&#110;&#x66;&#x6f;&#64;t&#101;&#114;&#x6d;&#x69;co&#46;&#x63;&#x6f;\">&#x69;n&#x66;&#111;&#64;&#x74;&#101;&#x72;&#x6d;i&#x63;&#111;&#46;&#x63;&#111;<\/a><\/p>\n<p><strong>Registro:<\/strong><br \/>\nInscripci\u00f3n en el registro mercantil.<br \/>\nTribunal de registro: Tribunal de Distrito de Friburgo<br \/>\nN\u00famero de registro: HRB 724099<\/p>\n<\/div><\/div><\/div><\/div><\/div><div class=\"w-separator size_medium\"><\/div><div class=\"wpb_text_column us_custom_26ae3d91 has_text_color\"><div class=\"wpb_wrapper\"><p>* Campo obligatorio<\/p>\n<\/div><\/div><\/div><\/div><\/div><\/div><\/section>\n","protected":false},"excerpt":{"rendered":"Contacto \u00bfTiene usted alguna pregunta acerca de nuestros productos y servicios? Por favor complete el siguiente formulario y le contactaremos lo antes posible. Forma de trato Se\u00f1oraSe\u00f1or Selecciona una opci\u00f3n Nombre * Rellena este campo Compa\u00f1ia * Rellena este campo Calle Rellena este campo C\u00f3digo Postal\/lugar Rellena este campo Pa\u00eds Rellena este campo Correo electr\u00f3nico...","protected":false},"author":1,"featured_media":0,"parent":0,"menu_order":0,"comment_status":"closed","ping_status":"closed","template":"","meta":{"_acf_changed":false,"_monsterinsights_skip_tracking":false,"_monsterinsights_sitenote_active":false,"_monsterinsights_sitenote_note":"","_monsterinsights_sitenote_category":0,"_uf_show_specific_survey":0,"_uf_disable_surveys":false,"footnotes":""},"class_list":["post-8126","page","type-page","status-publish","hentry"],"acf":[],"yoast_head":"<!-- This site is optimized with the Yoast SEO plugin v27.4 - https:\/\/yoast.com\/product\/yoast-seo-wordpress\/ -->\n<title>Contacto - Termico<\/title>\n<meta name=\"robots\" content=\"index, follow, max-snippet:-1, max-image-preview:large, max-video-preview:-1\" \/>\n<link rel=\"canonical\" href=\"https:\/\/termico.co\/es\/kontakt\/\" \/>\n<meta property=\"og:locale\" content=\"es_ES\" \/>\n<meta property=\"og:type\" content=\"article\" \/>\n<meta property=\"og:title\" content=\"Contacto - Termico\" \/>\n<meta property=\"og:url\" content=\"https:\/\/termico.co\/es\/kontakt\/\" \/>\n<meta property=\"og:site_name\" content=\"Termico\" \/>\n<meta property=\"article:modified_time\" content=\"2024-02-06T12:37:09+00:00\" \/>\n<meta name=\"twitter:card\" content=\"summary_large_image\" \/>\n<meta name=\"twitter:label1\" content=\"Tiempo de lectura\" \/>\n\t<meta name=\"twitter:data1\" content=\"4 minutos\" \/>\n<script type=\"application\/ld+json\" class=\"yoast-schema-graph\">{\"@context\":\"https:\\\/\\\/schema.org\",\"@graph\":[{\"@type\":\"WebPage\",\"@id\":\"https:\\\/\\\/termico.co\\\/es\\\/kontakt\\\/\",\"url\":\"https:\\\/\\\/termico.co\\\/es\\\/kontakt\\\/\",\"name\":\"Contacto - Termico\",\"isPartOf\":{\"@id\":\"https:\\\/\\\/termico.co\\\/#website\"},\"datePublished\":\"2015-10-26T11:08:51+00:00\",\"dateModified\":\"2024-02-06T12:37:09+00:00\",\"breadcrumb\":{\"@id\":\"https:\\\/\\\/termico.co\\\/es\\\/kontakt\\\/#breadcrumb\"},\"inLanguage\":\"es\",\"potentialAction\":[{\"@type\":\"ReadAction\",\"target\":[\"https:\\\/\\\/termico.co\\\/es\\\/kontakt\\\/\"]}]},{\"@type\":\"BreadcrumbList\",\"@id\":\"https:\\\/\\\/termico.co\\\/es\\\/kontakt\\\/#breadcrumb\",\"itemListElement\":[{\"@type\":\"ListItem\",\"position\":1,\"name\":\"Startseite\",\"item\":\"https:\\\/\\\/termico.co\\\/es\\\/home\\\/\"},{\"@type\":\"ListItem\",\"position\":2,\"name\":\"Contacto\"}]},{\"@type\":\"WebSite\",\"@id\":\"https:\\\/\\\/termico.co\\\/#website\",\"url\":\"https:\\\/\\\/termico.co\\\/\",\"name\":\"Termico\",\"description\":\"Industrielle Sch\u00e4dlingsbek\u00e4mpfung\",\"publisher\":{\"@id\":\"https:\\\/\\\/termico.co\\\/#organization\"},\"potentialAction\":[{\"@type\":\"SearchAction\",\"target\":{\"@type\":\"EntryPoint\",\"urlTemplate\":\"https:\\\/\\\/termico.co\\\/?s={search_term_string}\"},\"query-input\":{\"@type\":\"PropertyValueSpecification\",\"valueRequired\":true,\"valueName\":\"search_term_string\"}}],\"inLanguage\":\"es\"},{\"@type\":\"Organization\",\"@id\":\"https:\\\/\\\/termico.co\\\/#organization\",\"name\":\"Termico\",\"url\":\"https:\\\/\\\/termico.co\\\/\",\"logo\":{\"@type\":\"ImageObject\",\"inLanguage\":\"es\",\"@id\":\"https:\\\/\\\/termico.co\\\/#\\\/schema\\\/logo\\\/image\\\/\",\"url\":\"https:\\\/\\\/termico.co\\\/wp-content\\\/uploads\\\/2023\\\/11\\\/logo-termico.svg\",\"contentUrl\":\"https:\\\/\\\/termico.co\\\/wp-content\\\/uploads\\\/2023\\\/11\\\/logo-termico.svg\",\"width\":\"1024\",\"height\":\"1024\",\"caption\":\"Termico\"},\"image\":{\"@id\":\"https:\\\/\\\/termico.co\\\/#\\\/schema\\\/logo\\\/image\\\/\"}}]}<\/script>\n<!-- \/ Yoast SEO plugin. -->","yoast_head_json":{"title":"Contacto - Termico","robots":{"index":"index","follow":"follow","max-snippet":"max-snippet:-1","max-image-preview":"max-image-preview:large","max-video-preview":"max-video-preview:-1"},"canonical":"https:\/\/termico.co\/es\/kontakt\/","og_locale":"es_ES","og_type":"article","og_title":"Contacto - Termico","og_url":"https:\/\/termico.co\/es\/kontakt\/","og_site_name":"Termico","article_modified_time":"2024-02-06T12:37:09+00:00","twitter_card":"summary_large_image","twitter_misc":{"Tiempo de lectura":"4 minutos"},"schema":{"@context":"https:\/\/schema.org","@graph":[{"@type":"WebPage","@id":"https:\/\/termico.co\/es\/kontakt\/","url":"https:\/\/termico.co\/es\/kontakt\/","name":"Contacto - Termico","isPartOf":{"@id":"https:\/\/termico.co\/#website"},"datePublished":"2015-10-26T11:08:51+00:00","dateModified":"2024-02-06T12:37:09+00:00","breadcrumb":{"@id":"https:\/\/termico.co\/es\/kontakt\/#breadcrumb"},"inLanguage":"es","potentialAction":[{"@type":"ReadAction","target":["https:\/\/termico.co\/es\/kontakt\/"]}]},{"@type":"BreadcrumbList","@id":"https:\/\/termico.co\/es\/kontakt\/#breadcrumb","itemListElement":[{"@type":"ListItem","position":1,"name":"Startseite","item":"https:\/\/termico.co\/es\/home\/"},{"@type":"ListItem","position":2,"name":"Contacto"}]},{"@type":"WebSite","@id":"https:\/\/termico.co\/#website","url":"https:\/\/termico.co\/","name":"Termico","description":"Industrielle Sch\u00e4dlingsbek\u00e4mpfung","publisher":{"@id":"https:\/\/termico.co\/#organization"},"potentialAction":[{"@type":"SearchAction","target":{"@type":"EntryPoint","urlTemplate":"https:\/\/termico.co\/?s={search_term_string}"},"query-input":{"@type":"PropertyValueSpecification","valueRequired":true,"valueName":"search_term_string"}}],"inLanguage":"es"},{"@type":"Organization","@id":"https:\/\/termico.co\/#organization","name":"Termico","url":"https:\/\/termico.co\/","logo":{"@type":"ImageObject","inLanguage":"es","@id":"https:\/\/termico.co\/#\/schema\/logo\/image\/","url":"https:\/\/termico.co\/wp-content\/uploads\/2023\/11\/logo-termico.svg","contentUrl":"https:\/\/termico.co\/wp-content\/uploads\/2023\/11\/logo-termico.svg","width":"1024","height":"1024","caption":"Termico"},"image":{"@id":"https:\/\/termico.co\/#\/schema\/logo\/image\/"}}]}},"_links":{"self":[{"href":"https:\/\/termico.co\/es\/wp-json\/wp\/v2\/pages\/8126","targetHints":{"allow":["GET"]}}],"collection":[{"href":"https:\/\/termico.co\/es\/wp-json\/wp\/v2\/pages"}],"about":[{"href":"https:\/\/termico.co\/es\/wp-json\/wp\/v2\/types\/page"}],"author":[{"embeddable":true,"href":"https:\/\/termico.co\/es\/wp-json\/wp\/v2\/users\/1"}],"replies":[{"embeddable":true,"href":"https:\/\/termico.co\/es\/wp-json\/wp\/v2\/comments?post=8126"}],"version-history":[{"count":11,"href":"https:\/\/termico.co\/es\/wp-json\/wp\/v2\/pages\/8126\/revisions"}],"predecessor-version":[{"id":8286,"href":"https:\/\/termico.co\/es\/wp-json\/wp\/v2\/pages\/8126\/revisions\/8286"}],"wp:attachment":[{"href":"https:\/\/termico.co\/es\/wp-json\/wp\/v2\/media?parent=8126"}],"curies":[{"name":"wp","href":"https:\/\/api.w.org\/{rel}","templated":true}]}}