{"id":8113,"date":"2023-10-25T12:44:11","date_gmt":"2023-10-25T12:44:11","guid":{"rendered":"https:\/\/termico.co\/branchen\/"},"modified":"2024-03-11T13:51:04","modified_gmt":"2024-03-11T13:51:04","slug":"branchen","status":"publish","type":"page","link":"https:\/\/termico.co\/es\/branchen\/","title":{"rendered":"Sectores Industriales"},"content":{"rendered":"<section class=\"l-section wpb_row height_custom with_video\"><div id=\"us_bg_video_f08c\" class=\"l-section-video\"><script id=\"us_bg_video_f08c-script\">!function(w){var node = document.getElementById( 'us_bg_video_f08c' );if ( w.innerWidth <= 1 ) { node.remove() }}(window);<\/script><style>@media(max-width:1px){#us_bg_video_f08c{display:none!important}}<\/style><video  autoplay loop muted playsinline preload=\"auto\" tabindex=\"-1\"><source type=\"video\/mp4\" src=\"https:\/\/termico.co\/wp-content\/uploads\/2024\/03\/header-video-termico-maschine-6.mp4\" \/><\/video><\/div><div class=\"l-section-overlay\" style=\"background:rgba(0,0,0,0.40)\"><\/div><div class=\"l-section-h i-cf\"><div class=\"g-cols vc_row via_grid cols_1 laptops-cols_inherit tablets-cols_inherit mobiles-cols_1 valign_top type_default stacking_default\"><div class=\"wpb_column vc_column_container\"><div class=\"vc_column-inner\"><div class=\"g-cols wpb_row via_grid cols_1 laptops-cols_inherit tablets-cols_inherit mobiles-cols_1 valign_top type_default stacking_default\" style=\"--columns-gap:3rem;\"><div class=\"wpb_column vc_column_container\"><div class=\"vc_column-inner\"><div class=\"w-separator size_small\"><\/div><h2 class=\"w-post-elm post_title us_custom_6df4bc3a has_text_color align_center entry-title color_link_inherit\">Sectores Industriales<\/h2><div class=\"w-separator size_small\"><\/div><\/div><\/div><\/div><\/div><\/div><\/div><\/div><\/section><section class=\"l-section wpb_row height_custom\"><div class=\"l-section-h i-cf\"><div class=\"g-cols vc_row via_grid cols_2 laptops-cols_inherit tablets-cols_inherit mobiles-cols_1 valign_middle type_default stacking_default\"><div class=\"wpb_column vc_column_container us_custom_6c21c073 us_animate_this\"><div class=\"vc_column-inner\"><div class=\"wpb_text_column us_custom_6745946f has_text_color\"><div class=\"wpb_wrapper\"><h1 style=\"text-align: left;\">JUSTO A LA MEDIDA DE SU INDUSTRIA<\/h1>\n<\/div><\/div><div class=\"w-separator size_small\"><\/div><div class=\"wpb_text_column\"><div class=\"wpb_wrapper\"><p>Las soluciones de Termico fueron desarrolladas espec\u00edficamente para la industria alimentaria. Aunque \u00e9ste es nuestro principal \u00e1mbito de actuaci\u00f3n, nuestras soluciones tambi\u00e9n han demostrado ser extremadamente eficaces en cualquier otro lugar en el que sea necesario actuar de forma r\u00e1pida, sostenible y sin productos qu\u00edmicos contra peque\u00f1as plagas en espacios cerrados. Especialmente all\u00ed donde los m\u00e9todos qu\u00edmicos est\u00e1n descartados en aras de la seguridad alimentaria y la ecolog\u00eda.<\/p>\n<\/div><\/div><\/div><\/div><div class=\"wpb_column vc_column_container us_custom_ba870b58 us_animate_this\"><div class=\"vc_column-inner\"><div class=\"w-image style_shadow-2 align_none\"><div class=\"w-image-h\"><div class=\"w-image-shadow\" style=\"background-image:url(https:\/\/termico.co\/wp-content\/uploads\/2024\/01\/termico-branche-frau-produktion-1024x720.jpg);\"><\/div><img decoding=\"async\" width=\"1024\" height=\"720\" src=\"https:\/\/termico.co\/wp-content\/uploads\/2024\/01\/termico-branche-frau-produktion-1024x720.jpg\" class=\"attachment-large size-large\" alt=\"\" loading=\"lazy\" srcset=\"https:\/\/termico.co\/wp-content\/uploads\/2024\/01\/termico-branche-frau-produktion-1024x720.jpg 1024w, https:\/\/termico.co\/wp-content\/uploads\/2024\/01\/termico-branche-frau-produktion-300x211.jpg 300w, https:\/\/termico.co\/wp-content\/uploads\/2024\/01\/termico-branche-frau-produktion-150x105.jpg 150w, https:\/\/termico.co\/wp-content\/uploads\/2024\/01\/termico-branche-frau-produktion-200x141.jpg 200w, https:\/\/termico.co\/wp-content\/uploads\/2024\/01\/termico-branche-frau-produktion-400x281.jpg 400w, https:\/\/termico.co\/wp-content\/uploads\/2024\/01\/termico-branche-frau-produktion-800x563.jpg 800w, https:\/\/termico.co\/wp-content\/uploads\/2024\/01\/termico-branche-frau-produktion.jpg 1280w\" sizes=\"auto, (max-width: 1024px) 100vw, 1024px\" \/><\/div><\/div><\/div><\/div><\/div><\/div><\/section><section class=\"l-section wpb_row height_large color_alternate\"><div class=\"l-section-overlay\" style=\"background:#50af47\"><\/div><div class=\"l-section-h i-cf\"><div class=\"g-cols vc_row via_grid cols_1 laptops-cols_inherit tablets-cols_inherit mobiles-cols_1 valign_top type_default stacking_default\"><div class=\"wpb_column vc_column_container\"><div class=\"vc_column-inner\"><div class=\"wpb_text_column us_custom_ab1aefc1 us_animate_this\"><div class=\"wpb_wrapper\"><h2 style=\"text-align: center;\">ALGUNAS DE LAS AREAS DE APLICACI\u00d3N:<\/h2>\n<\/div><\/div><div class=\"w-separator size_large\"><\/div><div class=\"g-cols wpb_row via_grid cols_3 laptops-cols_inherit tablets-cols_inherit mobiles-cols_1 valign_top type_default stacking_default\" style=\"--columns-gap:3rem;\"><div class=\"wpb_column vc_column_container us_custom_ca547909 us_animate_this\"><div class=\"vc_column-inner\"><div class=\"w-image style_shadow-2 align_none\"><div class=\"w-image-h\"><div class=\"w-image-shadow\" style=\"background-image:url(https:\/\/termico.co\/wp-content\/uploads\/2024\/01\/termico-branche-lebensmittelindustrie-600x400.jpg);\"><\/div><img decoding=\"async\" width=\"600\" height=\"400\" src=\"https:\/\/termico.co\/wp-content\/uploads\/2024\/01\/termico-branche-lebensmittelindustrie-600x400.jpg\" class=\"attachment-us_600_400_crop size-us_600_400_crop\" alt=\"\" loading=\"lazy\" \/><\/div><\/div><div class=\"w-separator size_medium\"><\/div><div class=\"wpb_text_column\"><div class=\"wpb_wrapper\"><h4>Empresas procesadoras de Alimentos:<\/h4>\n<\/div><\/div><div class=\"w-separator size_small\"><\/div><div class=\"wpb_text_column\"><div class=\"wpb_wrapper\"><ul>\n<li>Molinos de cereales<\/li>\n<li>F\u00e1bricas de chocolate<\/li>\n<li>Grandes panader\u00edas<\/li>\n<li>Cocinas comerciales<\/li>\n<li>F\u00e1bricas de pasta<\/li>\n<li>Otros<\/li>\n<\/ul>\n<\/div><\/div><\/div><\/div><div class=\"wpb_column vc_column_container us_custom_d77bca1a us_animate_this\"><div class=\"vc_column-inner\"><div class=\"w-image style_shadow-2 align_none\"><div class=\"w-image-h\"><div class=\"w-image-shadow\" style=\"background-image:url(https:\/\/termico.co\/wp-content\/uploads\/2024\/02\/termico-branche-tierfutterindustrie-pellets-600x400.jpg);\"><\/div><img decoding=\"async\" width=\"600\" height=\"400\" src=\"https:\/\/termico.co\/wp-content\/uploads\/2024\/02\/termico-branche-tierfutterindustrie-pellets-600x400.jpg\" class=\"attachment-us_600_400_crop size-us_600_400_crop\" alt=\"\" loading=\"lazy\" \/><\/div><\/div><div class=\"w-separator size_medium\"><\/div><div class=\"wpb_text_column\"><div class=\"wpb_wrapper\"><h4>Procesadoras de Alimento para Animales:<\/h4>\n<\/div><\/div><div class=\"w-separator size_small\"><\/div><div class=\"wpb_text_column\"><div class=\"wpb_wrapper\"><ul>\n<li>F\u00e1bricas de piensos<\/li>\n<li>Procesadores de subproductos agr\u00edcolas<\/li>\n<\/ul>\n<\/div><\/div><\/div><\/div><div class=\"wpb_column vc_column_container us_custom_575b987f us_animate_this\"><div class=\"vc_column-inner\"><div class=\"w-image style_shadow-2 align_none\"><div class=\"w-image-h\"><div class=\"w-image-shadow\" style=\"background-image:url(https:\/\/termico.co\/wp-content\/uploads\/2024\/01\/termico-branche-genussmittelindustrie-600x400.jpg);\"><\/div><img decoding=\"async\" width=\"600\" height=\"400\" src=\"https:\/\/termico.co\/wp-content\/uploads\/2024\/01\/termico-branche-genussmittelindustrie-600x400.jpg\" class=\"attachment-us_600_400_crop size-us_600_400_crop\" alt=\"\" loading=\"lazy\" \/><\/div><\/div><div class=\"w-separator size_medium\"><\/div><div class=\"wpb_text_column\"><div class=\"wpb_wrapper\"><h4>Otros:<\/h4>\n<\/div><\/div><div class=\"w-separator size_small\"><\/div><div class=\"wpb_text_column\"><div class=\"wpb_wrapper\"><ul>\n<li>Fabricantes de Tabaco<\/li>\n<li>Fabricantes de esencias (Perfumer\u00edas, Fabricantes de Aromas, etc.)<\/li>\n<li>Otros<\/li>\n<\/ul>\n<\/div><\/div><\/div><\/div><\/div><\/div><\/div><\/div><\/div><\/section><section class=\"l-section wpb_row height_large\"><div class=\"l-section-h i-cf\"><div class=\"g-cols vc_row via_grid cols_1-2 laptops-cols_inherit tablets-cols_inherit mobiles-cols_1 valign_middle type_default stacking_default\"><div class=\"wpb_column vc_column_container us_custom_6c21c073 us_animate_this\"><div class=\"vc_column-inner\"><div class=\"w-image style_shadow-2 align_none\"><div class=\"w-image-h\"><div class=\"w-image-shadow\" style=\"background-image:url(https:\/\/termico.co\/wp-content\/uploads\/2024\/01\/termico-branche-hotel-600x400.jpg);\"><\/div><img decoding=\"async\" width=\"600\" height=\"400\" src=\"https:\/\/termico.co\/wp-content\/uploads\/2024\/01\/termico-branche-hotel-600x400.jpg\" class=\"attachment-us_600_400_crop size-us_600_400_crop\" alt=\"\" loading=\"lazy\" \/><\/div><\/div><\/div><\/div><div class=\"wpb_column vc_column_container us_custom_ba870b58 us_animate_this\"><div class=\"vc_column-inner\"><div class=\"wpb_text_column\"><div class=\"wpb_wrapper\"><h4>De igual manera en toda \u00e1rea donde es necesario combatir las plagas gentilmente, por ejemplo:<\/h4>\n<\/div><\/div><div class=\"w-separator size_small\"><\/div><div class=\"wpb_text_column\"><div class=\"wpb_wrapper\"><ul>\n<li>Gastronom\u00eda y Hoteler\u00eda<\/li>\n<li>Hogares privados<\/li>\n<\/ul>\n<\/div><\/div><\/div><\/div><\/div><\/div><\/section><section class=\"l-section wpb_row height_large\"><div class=\"l-section-overlay\" style=\"background:#2b2c36\"><\/div><div class=\"l-section-h i-cf\"><div class=\"g-cols vc_row via_grid cols_1-4-1 laptops-cols_inherit tablets-cols_inherit mobiles-cols_1 valign_top type_default stacking_default\"><div class=\"wpb_column vc_column_container\"><div class=\"vc_column-inner\"><\/div><\/div><div class=\"wpb_column vc_column_container us_custom_d77bca1a us_animate_this\"><div class=\"vc_column-inner\"><div class=\"wpb_text_column us_custom_6df4bc3a has_text_color\"><div class=\"wpb_wrapper\"><h5 style=\"text-align: center;\">Por cierto: Tambi\u00e9n para el secado de edificios, por ejemplo despu\u00e9s de inundaciones, se hace uso de nuestras soluciones. Preg\u00fantenos si tiene una tarea especial para nosotros.<\/h5>\n<\/div><\/div><\/div><\/div><div class=\"wpb_column vc_column_container\"><div class=\"vc_column-inner\"><\/div><\/div><\/div><\/div><\/section><section class=\"l-section wpb_row height_large color_primary\"><div class=\"l-section-h i-cf\"><div class=\"g-cols vc_row via_grid cols_1 laptops-cols_inherit tablets-cols_inherit mobiles-cols_1 valign_top type_default stacking_default\"><div class=\"wpb_column vc_column_container us_custom_60e9caca us_animate_this\"><div class=\"vc_column-inner\"><div class=\"w-actionbox us_custom_a3d5695e color_primary controls_bottom\"><div class=\"w-actionbox-text\"><h3 class=\"w-actionbox-title\">RECIBA ASESORAMIENTO INMEDIATO Y SIN COMPROMISO<\/h3><\/div><div class=\"w-actionbox-controls\"><a class=\"w-btn us-btn-style_6\" style=\"font-size:18px\" href=\"https:\/\/termico.co\/es\/kontakt\/\"><span class=\"w-btn-label\">Cont\u00e1ctenos<\/span><\/a><\/div><\/div><\/div><\/div><\/div><\/div><\/section>\n","protected":false},"excerpt":{"rendered":"Sectores IndustrialesJUSTO A LA MEDIDA DE SU INDUSTRIA Las soluciones de Termico fueron desarrolladas espec\u00edficamente para la industria alimentaria. Aunque \u00e9ste es nuestro principal \u00e1mbito de actuaci\u00f3n, nuestras soluciones tambi\u00e9n han demostrado ser extremadamente eficaces en cualquier otro lugar en el que sea necesario actuar de forma r\u00e1pida, sostenible y sin productos qu\u00edmicos contra peque\u00f1as...","protected":false},"author":1,"featured_media":0,"parent":0,"menu_order":0,"comment_status":"closed","ping_status":"closed","template":"","meta":{"_acf_changed":false,"_monsterinsights_skip_tracking":false,"_monsterinsights_sitenote_active":false,"_monsterinsights_sitenote_note":"","_monsterinsights_sitenote_category":0,"_uf_show_specific_survey":0,"_uf_disable_surveys":false,"footnotes":""},"class_list":["post-8113","page","type-page","status-publish","hentry"],"acf":[],"yoast_head":"<!-- This site is optimized with the Yoast SEO plugin v27.5 - https:\/\/yoast.com\/product\/yoast-seo-wordpress\/ -->\n<title>Sectores Industriales - Termico<\/title>\n<meta name=\"robots\" content=\"index, follow, max-snippet:-1, max-image-preview:large, max-video-preview:-1\" \/>\n<link rel=\"canonical\" href=\"https:\/\/termico.co\/es\/branchen\/\" \/>\n<meta property=\"og:locale\" content=\"es_ES\" \/>\n<meta property=\"og:type\" content=\"article\" \/>\n<meta property=\"og:title\" content=\"Sectores Industriales - Termico\" \/>\n<meta property=\"og:url\" content=\"https:\/\/termico.co\/es\/branchen\/\" \/>\n<meta property=\"og:site_name\" content=\"Termico\" \/>\n<meta property=\"article:modified_time\" content=\"2024-03-11T13:51:04+00:00\" \/>\n<meta name=\"twitter:card\" content=\"summary_large_image\" \/>\n<meta name=\"twitter:label1\" content=\"Tiempo de lectura\" \/>\n\t<meta name=\"twitter:data1\" content=\"2 minutos\" \/>\n<script type=\"application\/ld+json\" class=\"yoast-schema-graph\">{\"@context\":\"https:\\\/\\\/schema.org\",\"@graph\":[{\"@type\":\"WebPage\",\"@id\":\"https:\\\/\\\/termico.co\\\/es\\\/branchen\\\/\",\"url\":\"https:\\\/\\\/termico.co\\\/es\\\/branchen\\\/\",\"name\":\"Sectores Industriales - Termico\",\"isPartOf\":{\"@id\":\"https:\\\/\\\/termico.co\\\/#website\"},\"datePublished\":\"2023-10-25T12:44:11+00:00\",\"dateModified\":\"2024-03-11T13:51:04+00:00\",\"breadcrumb\":{\"@id\":\"https:\\\/\\\/termico.co\\\/es\\\/branchen\\\/#breadcrumb\"},\"inLanguage\":\"es\",\"potentialAction\":[{\"@type\":\"ReadAction\",\"target\":[\"https:\\\/\\\/termico.co\\\/es\\\/branchen\\\/\"]}]},{\"@type\":\"BreadcrumbList\",\"@id\":\"https:\\\/\\\/termico.co\\\/es\\\/branchen\\\/#breadcrumb\",\"itemListElement\":[{\"@type\":\"ListItem\",\"position\":1,\"name\":\"Startseite\",\"item\":\"https:\\\/\\\/termico.co\\\/es\\\/home\\\/\"},{\"@type\":\"ListItem\",\"position\":2,\"name\":\"Sectores Industriales\"}]},{\"@type\":\"WebSite\",\"@id\":\"https:\\\/\\\/termico.co\\\/#website\",\"url\":\"https:\\\/\\\/termico.co\\\/\",\"name\":\"Termico\",\"description\":\"Industrielle Sch\u00e4dlingsbek\u00e4mpfung\",\"publisher\":{\"@id\":\"https:\\\/\\\/termico.co\\\/#organization\"},\"potentialAction\":[{\"@type\":\"SearchAction\",\"target\":{\"@type\":\"EntryPoint\",\"urlTemplate\":\"https:\\\/\\\/termico.co\\\/?s={search_term_string}\"},\"query-input\":{\"@type\":\"PropertyValueSpecification\",\"valueRequired\":true,\"valueName\":\"search_term_string\"}}],\"inLanguage\":\"es\"},{\"@type\":\"Organization\",\"@id\":\"https:\\\/\\\/termico.co\\\/#organization\",\"name\":\"Termico\",\"url\":\"https:\\\/\\\/termico.co\\\/\",\"logo\":{\"@type\":\"ImageObject\",\"inLanguage\":\"es\",\"@id\":\"https:\\\/\\\/termico.co\\\/#\\\/schema\\\/logo\\\/image\\\/\",\"url\":\"https:\\\/\\\/termico.co\\\/wp-content\\\/uploads\\\/2023\\\/11\\\/logo-termico.svg\",\"contentUrl\":\"https:\\\/\\\/termico.co\\\/wp-content\\\/uploads\\\/2023\\\/11\\\/logo-termico.svg\",\"width\":\"1024\",\"height\":\"1024\",\"caption\":\"Termico\"},\"image\":{\"@id\":\"https:\\\/\\\/termico.co\\\/#\\\/schema\\\/logo\\\/image\\\/\"}}]}<\/script>\n<!-- \/ Yoast SEO plugin. -->","yoast_head_json":{"title":"Sectores Industriales - Termico","robots":{"index":"index","follow":"follow","max-snippet":"max-snippet:-1","max-image-preview":"max-image-preview:large","max-video-preview":"max-video-preview:-1"},"canonical":"https:\/\/termico.co\/es\/branchen\/","og_locale":"es_ES","og_type":"article","og_title":"Sectores Industriales - Termico","og_url":"https:\/\/termico.co\/es\/branchen\/","og_site_name":"Termico","article_modified_time":"2024-03-11T13:51:04+00:00","twitter_card":"summary_large_image","twitter_misc":{"Tiempo de lectura":"2 minutos"},"schema":{"@context":"https:\/\/schema.org","@graph":[{"@type":"WebPage","@id":"https:\/\/termico.co\/es\/branchen\/","url":"https:\/\/termico.co\/es\/branchen\/","name":"Sectores Industriales - Termico","isPartOf":{"@id":"https:\/\/termico.co\/#website"},"datePublished":"2023-10-25T12:44:11+00:00","dateModified":"2024-03-11T13:51:04+00:00","breadcrumb":{"@id":"https:\/\/termico.co\/es\/branchen\/#breadcrumb"},"inLanguage":"es","potentialAction":[{"@type":"ReadAction","target":["https:\/\/termico.co\/es\/branchen\/"]}]},{"@type":"BreadcrumbList","@id":"https:\/\/termico.co\/es\/branchen\/#breadcrumb","itemListElement":[{"@type":"ListItem","position":1,"name":"Startseite","item":"https:\/\/termico.co\/es\/home\/"},{"@type":"ListItem","position":2,"name":"Sectores Industriales"}]},{"@type":"WebSite","@id":"https:\/\/termico.co\/#website","url":"https:\/\/termico.co\/","name":"Termico","description":"Industrielle Sch\u00e4dlingsbek\u00e4mpfung","publisher":{"@id":"https:\/\/termico.co\/#organization"},"potentialAction":[{"@type":"SearchAction","target":{"@type":"EntryPoint","urlTemplate":"https:\/\/termico.co\/?s={search_term_string}"},"query-input":{"@type":"PropertyValueSpecification","valueRequired":true,"valueName":"search_term_string"}}],"inLanguage":"es"},{"@type":"Organization","@id":"https:\/\/termico.co\/#organization","name":"Termico","url":"https:\/\/termico.co\/","logo":{"@type":"ImageObject","inLanguage":"es","@id":"https:\/\/termico.co\/#\/schema\/logo\/image\/","url":"https:\/\/termico.co\/wp-content\/uploads\/2023\/11\/logo-termico.svg","contentUrl":"https:\/\/termico.co\/wp-content\/uploads\/2023\/11\/logo-termico.svg","width":"1024","height":"1024","caption":"Termico"},"image":{"@id":"https:\/\/termico.co\/#\/schema\/logo\/image\/"}}]}},"_links":{"self":[{"href":"https:\/\/termico.co\/es\/wp-json\/wp\/v2\/pages\/8113","targetHints":{"allow":["GET"]}}],"collection":[{"href":"https:\/\/termico.co\/es\/wp-json\/wp\/v2\/pages"}],"about":[{"href":"https:\/\/termico.co\/es\/wp-json\/wp\/v2\/types\/page"}],"author":[{"embeddable":true,"href":"https:\/\/termico.co\/es\/wp-json\/wp\/v2\/users\/1"}],"replies":[{"embeddable":true,"href":"https:\/\/termico.co\/es\/wp-json\/wp\/v2\/comments?post=8113"}],"version-history":[{"count":5,"href":"https:\/\/termico.co\/es\/wp-json\/wp\/v2\/pages\/8113\/revisions"}],"predecessor-version":[{"id":8327,"href":"https:\/\/termico.co\/es\/wp-json\/wp\/v2\/pages\/8113\/revisions\/8327"}],"wp:attachment":[{"href":"https:\/\/termico.co\/es\/wp-json\/wp\/v2\/media?parent=8113"}],"curies":[{"name":"wp","href":"https:\/\/api.w.org\/{rel}","templated":true}]}}