{"id":8004,"date":"2023-10-27T10:55:00","date_gmt":"2023-10-27T10:55:00","guid":{"rendered":"https:\/\/termico.co\/leistungen\/"},"modified":"2024-02-05T14:59:26","modified_gmt":"2024-02-05T14:59:26","slug":"leistungen","status":"publish","type":"page","link":"https:\/\/termico.co\/es\/leistungen\/","title":{"rendered":"Servicios"},"content":{"rendered":"<section class=\"l-section wpb_row height_custom with_video\"><div id=\"us_bg_video_ncef\" class=\"l-section-video\"><script id=\"us_bg_video_ncef-script\">!function(w){var node = document.getElementById( 'us_bg_video_ncef' );if ( w.innerWidth <= 1 ) { node.remove() }}(window);<\/script><style>@media(max-width:1px){#us_bg_video_ncef{display:none!important}}<\/style><video  autoplay loop muted playsinline preload=\"auto\" tabindex=\"-1\"><source type=\"video\/mp4\" src=\"https:\/\/termico.co\/wp-content\/uploads\/2024\/01\/header-video-termico-maschine.mp4\" \/><\/video><\/div><div class=\"l-section-overlay\" style=\"background:rgba(0,0,0,0.40)\"><\/div><div class=\"l-section-h i-cf\"><div class=\"g-cols vc_row via_grid cols_1 laptops-cols_inherit tablets-cols_inherit mobiles-cols_1 valign_top type_default stacking_default\"><div class=\"wpb_column vc_column_container\"><div class=\"vc_column-inner\"><div class=\"g-cols wpb_row via_grid cols_1 laptops-cols_inherit tablets-cols_inherit mobiles-cols_1 valign_top type_default stacking_default\" style=\"--columns-gap:3rem;\"><div class=\"wpb_column vc_column_container\"><div class=\"vc_column-inner\"><div class=\"w-separator size_small\"><\/div><h2 class=\"w-post-elm post_title us_custom_6df4bc3a has_text_color align_center entry-title color_link_inherit\">Servicios<\/h2><div class=\"w-separator size_small\"><\/div><\/div><\/div><\/div><\/div><\/div><\/div><\/div><\/section><section class=\"l-section wpb_row height_large\"><div class=\"l-section-h i-cf\"><div class=\"g-cols vc_row via_grid cols_2 laptops-cols_inherit tablets-cols_inherit mobiles-cols_1 valign_middle type_default stacking_default\"><div class=\"wpb_column vc_column_container us_custom_6c21c073 us_animate_this\"><div class=\"vc_column-inner\"><div class=\"wpb_text_column us_custom_6745946f has_text_color\"><div class=\"wpb_wrapper\"><h1 style=\"text-align: left;\">SUS NECESIDADES \u2013 NUESTRA MOTIVACI\u00d3N<\/h1>\n<\/div><\/div><div class=\"w-separator size_small\"><\/div><div class=\"wpb_text_column\"><div class=\"wpb_wrapper\"><p>Para el control de plagas es fundamental inicialmente el an\u00e1lisis individual de la problem\u00e1tica presente.\u00a0 La soluci\u00f3n mas sencilla es: d\u00e9jelo todo en manos de nuestros expertos y enfoque sus esfuerzos simplemente en su actividad principal de negocio.\u00a0 Tambi\u00e9n le brindamos la posibilidad de comprar o alquilar nuestros equipos y accesorios para el control independiente de plagas. Por supuesto, proporcionamos la formaci\u00f3n necesaria sobre el uso de los equipos como parte de nuestro servicio.<\/p>\n<\/div><\/div><\/div><\/div><div class=\"wpb_column vc_column_container us_custom_ba870b58 us_animate_this\"><div class=\"vc_column-inner\"><div class=\"w-image style_shadow-2 align_none\"><div class=\"w-image-h\"><div class=\"w-image-shadow\" style=\"background-image:url(https:\/\/termico.co\/wp-content\/uploads\/2024\/01\/termico-mitarbeiter-tablet-1024x720.jpg);\"><\/div><img decoding=\"async\" width=\"1024\" height=\"720\" src=\"https:\/\/termico.co\/wp-content\/uploads\/2024\/01\/termico-mitarbeiter-tablet-1024x720.jpg\" class=\"attachment-large size-large\" alt=\"\" loading=\"lazy\" srcset=\"https:\/\/termico.co\/wp-content\/uploads\/2024\/01\/termico-mitarbeiter-tablet-1024x720.jpg 1024w, https:\/\/termico.co\/wp-content\/uploads\/2024\/01\/termico-mitarbeiter-tablet-300x211.jpg 300w, https:\/\/termico.co\/wp-content\/uploads\/2024\/01\/termico-mitarbeiter-tablet-150x105.jpg 150w, https:\/\/termico.co\/wp-content\/uploads\/2024\/01\/termico-mitarbeiter-tablet-200x141.jpg 200w, https:\/\/termico.co\/wp-content\/uploads\/2024\/01\/termico-mitarbeiter-tablet-400x281.jpg 400w, https:\/\/termico.co\/wp-content\/uploads\/2024\/01\/termico-mitarbeiter-tablet-800x563.jpg 800w, https:\/\/termico.co\/wp-content\/uploads\/2024\/01\/termico-mitarbeiter-tablet.jpg 1280w\" sizes=\"auto, (max-width: 1024px) 100vw, 1024px\" \/><\/div><\/div><\/div><\/div><\/div><\/div><\/section><section class=\"l-section wpb_row height_large color_alternate\"><div class=\"l-section-h i-cf\"><div class=\"g-cols vc_row via_grid cols_1 laptops-cols_inherit tablets-cols_inherit mobiles-cols_1 valign_middle type_default stacking_default\"><div class=\"wpb_column vc_column_container\"><div class=\"vc_column-inner\"><div class=\"g-cols wpb_row via_grid cols_2 laptops-cols_inherit tablets-cols_inherit mobiles-cols_1 valign_middle type_default stacking_default\" style=\"--columns-gap:3rem;\"><div class=\"wpb_column vc_column_container us_custom_6c21c073 us_animate_this\"><div class=\"vc_column-inner\"><div class=\"w-image style_shadow-2 align_none\"><div class=\"w-image-h\"><div class=\"w-image-shadow\" style=\"background-image:url(https:\/\/termico.co\/wp-content\/uploads\/2024\/01\/Termico-alles-aus-einer-hand-mitarbeiter-1024x720.jpg);\"><\/div><img decoding=\"async\" width=\"1024\" height=\"720\" src=\"https:\/\/termico.co\/wp-content\/uploads\/2024\/01\/Termico-alles-aus-einer-hand-mitarbeiter-1024x720.jpg\" class=\"attachment-large size-large\" alt=\"\" loading=\"lazy\" srcset=\"https:\/\/termico.co\/wp-content\/uploads\/2024\/01\/Termico-alles-aus-einer-hand-mitarbeiter-1024x720.jpg 1024w, https:\/\/termico.co\/wp-content\/uploads\/2024\/01\/Termico-alles-aus-einer-hand-mitarbeiter-300x211.jpg 300w, https:\/\/termico.co\/wp-content\/uploads\/2024\/01\/Termico-alles-aus-einer-hand-mitarbeiter-150x105.jpg 150w, https:\/\/termico.co\/wp-content\/uploads\/2024\/01\/Termico-alles-aus-einer-hand-mitarbeiter-200x141.jpg 200w, https:\/\/termico.co\/wp-content\/uploads\/2024\/01\/Termico-alles-aus-einer-hand-mitarbeiter-400x281.jpg 400w, https:\/\/termico.co\/wp-content\/uploads\/2024\/01\/Termico-alles-aus-einer-hand-mitarbeiter-800x563.jpg 800w, https:\/\/termico.co\/wp-content\/uploads\/2024\/01\/Termico-alles-aus-einer-hand-mitarbeiter.jpg 1280w\" sizes=\"auto, (max-width: 1024px) 100vw, 1024px\" \/><\/div><\/div><\/div><\/div><div class=\"wpb_column vc_column_container us_custom_ba870b58 us_animate_this\"><div class=\"vc_column-inner\"><div class=\"wpb_text_column\"><div class=\"wpb_wrapper\"><h2>TODO DE UNA SOLA MANO: SIN PREOCUPARSE DE NADA M\u00c1S:<\/h2>\n<\/div><\/div><div class=\"w-separator size_small\"><\/div><div class=\"wpb_text_column\"><div class=\"wpb_wrapper\"><ul>\n<li>An\u00e1lisis y asesoramiento in situ.<\/li>\n<li>Planificaci\u00f3n detallada del tratamiento.<\/li>\n<li>Transporte e instalaci\u00f3n de nuestros equipos<\/li>\n<li>Realizaci\u00f3n y seguimiento durante el tratamiento<\/li>\n<li>Desmontaje y retirada de nuestros equipos<\/li>\n<li>Reporte detallado del servicio y consejos para prevenci\u00f3n de plagas<\/li>\n<\/ul>\n<\/div><\/div><\/div><\/div><\/div><\/div><\/div><\/div><\/div><\/section><section class=\"l-section wpb_row height_auto\"><div class=\"l-section-h i-cf\"><div class=\"g-cols vc_row via_grid cols_1 laptops-cols_inherit tablets-cols_inherit mobiles-cols_1 valign_top type_default stacking_default\"><div class=\"wpb_column vc_column_container us_custom_6c21c073 us_animate_this\"><div class=\"vc_column-inner\"><div class=\"w-separator size_large\"><\/div><div class=\"wpb_text_column us_custom_6745946f has_text_color\"><div class=\"wpb_wrapper\"><h2>NUESTRO SERVICIO:<br \/>\nEJEMPLO PR\u00c1CTICO DE TRATAMIENTO T\u00c9RMICO.<\/h2>\n<\/div><\/div><\/div><\/div><\/div><\/div><\/section><section class=\"l-section wpb_row height_large\"><div class=\"l-section-h i-cf\"><div class=\"g-cols vc_row via_grid cols_1-2 laptops-cols_inherit tablets-cols_inherit mobiles-cols_1 valign_middle type_default stacking_default\"><div class=\"wpb_column vc_column_container us_custom_6c21c073 us_animate_this\"><div class=\"vc_column-inner\"><div class=\"w-image style_shadow-2 align_none\"><div class=\"w-image-h\"><div class=\"w-image-shadow\" style=\"background-image:url(https:\/\/termico.co\/wp-content\/uploads\/2024\/01\/termico-heizgeraete-lager-600x400.jpg);\"><\/div><img decoding=\"async\" width=\"600\" height=\"400\" src=\"https:\/\/termico.co\/wp-content\/uploads\/2024\/01\/termico-heizgeraete-lager-600x400.jpg\" class=\"attachment-us_600_400_crop size-us_600_400_crop\" alt=\"\" loading=\"lazy\" \/><\/div><\/div><\/div><\/div><div class=\"wpb_column vc_column_container us_custom_ba870b58 us_animate_this\"><div class=\"vc_column-inner\"><div class=\"wpb_text_column\"><div class=\"wpb_wrapper\"><p>El tratamiento t\u00e9rmico propiamente dicho puede comenzar poco despu\u00e9s de recibidos los equipos. Configurar nuestra propia fuente de alimentaci\u00f3n para nuestros dispositivos forma parte de nuestro servicio completo.<\/p>\n<\/div><\/div><\/div><\/div><\/div><\/div><\/section><section class=\"l-section wpb_row height_large color_alternate\"><div class=\"l-section-overlay\" style=\"background:#50af47\"><\/div><div class=\"l-section-h i-cf\"><div class=\"g-cols vc_row via_grid cols_2-1 laptops-cols_inherit tablets-cols_inherit mobiles-cols_1 valign_middle type_default reversed stacking_default\"><div class=\"wpb_column vc_column_container us_custom_6c21c073 us_animate_this\"><div class=\"vc_column-inner\"><div class=\"wpb_text_column\"><div class=\"wpb_wrapper\"><p>Nuestros calentadores se ubican estrat\u00e9gicamente en base a nuestros a\u00f1os de experiencia. Se colocan sensores de temperatura y humedad en todas las zonas a tratar. Esto nos da una visi\u00f3n general en tiempo real de todas las \u00e1reas.<\/p>\n<\/div><\/div><\/div><\/div><div class=\"wpb_column vc_column_container us_custom_ba870b58 us_animate_this\"><div class=\"vc_column-inner\"><div class=\"w-image style_shadow-2 align_none\"><div class=\"w-image-h\"><div class=\"w-image-shadow\" style=\"background-image:url(https:\/\/termico.co\/wp-content\/uploads\/2024\/01\/termico-aufbau-geraete-600x400.jpg);\"><\/div><img decoding=\"async\" width=\"600\" height=\"400\" src=\"https:\/\/termico.co\/wp-content\/uploads\/2024\/01\/termico-aufbau-geraete-600x400.jpg\" class=\"attachment-us_600_400_crop size-us_600_400_crop\" alt=\"\" loading=\"lazy\" \/><\/div><\/div><\/div><\/div><\/div><\/div><\/section><section class=\"l-section wpb_row height_large\"><div class=\"l-section-h i-cf\"><div class=\"g-cols vc_row via_grid cols_1-2 laptops-cols_inherit tablets-cols_inherit mobiles-cols_1 valign_middle type_default stacking_default\"><div class=\"wpb_column vc_column_container us_custom_6c21c073 us_animate_this\"><div class=\"vc_column-inner\"><div class=\"w-image style_shadow-2 align_none\"><div class=\"w-image-h\"><div class=\"w-image-shadow\" style=\"background-image:url(https:\/\/termico.co\/wp-content\/uploads\/2024\/01\/termico-waermekamera-600x400.jpg);\"><\/div><img decoding=\"async\" width=\"600\" height=\"400\" src=\"https:\/\/termico.co\/wp-content\/uploads\/2024\/01\/termico-waermekamera-600x400.jpg\" class=\"attachment-us_600_400_crop size-us_600_400_crop\" alt=\"\" loading=\"lazy\" \/><\/div><\/div><\/div><\/div><div class=\"wpb_column vc_column_container us_custom_ba870b58 us_animate_this\"><div class=\"vc_column-inner\"><div class=\"wpb_text_column\"><div class=\"wpb_wrapper\"><p>Se inicia el calentamiento el mismo d\u00eda.\u00a0 Nuestro proceso de recirculaci\u00f3n de aire, garantiza calentamiento suave y homog\u00e9neo. Esto evita danos por calor en las estructuras y las maquinas de producci\u00f3n en el \u00e1rea.<\/p>\n<\/div><\/div><\/div><\/div><\/div><\/div><\/section><section class=\"l-section wpb_row height_large color_alternate\"><div class=\"l-section-overlay\" style=\"background:#50af47\"><\/div><div class=\"l-section-h i-cf\"><div class=\"g-cols vc_row via_grid cols_2-1 laptops-cols_inherit tablets-cols_inherit mobiles-cols_1 valign_middle type_default reversed stacking_default\"><div class=\"wpb_column vc_column_container us_custom_6c21c073 us_animate_this\"><div class=\"vc_column-inner\"><div class=\"wpb_text_column\"><div class=\"wpb_wrapper\"><p>El control de temperatura individual de nuestros calentadores garantiza que las zonas a tratar se calienten de manera uniforme sin consumir energ\u00eda innecesaria.<\/p>\n<\/div><\/div><\/div><\/div><div class=\"wpb_column vc_column_container us_custom_ba870b58 us_animate_this\"><div class=\"vc_column-inner\"><div class=\"w-image style_shadow-2 align_none\"><div class=\"w-image-h\"><div class=\"w-image-shadow\" style=\"background-image:url(https:\/\/termico.co\/wp-content\/uploads\/2024\/01\/termico-temperaturregelung-600x400.jpg);\"><\/div><img decoding=\"async\" width=\"600\" height=\"400\" src=\"https:\/\/termico.co\/wp-content\/uploads\/2024\/01\/termico-temperaturregelung-600x400.jpg\" class=\"attachment-us_600_400_crop size-us_600_400_crop\" alt=\"\" loading=\"lazy\" \/><\/div><\/div><\/div><\/div><\/div><\/div><\/section><section class=\"l-section wpb_row height_large\"><div class=\"l-section-h i-cf\"><div class=\"g-cols vc_row via_grid cols_1-2 laptops-cols_inherit tablets-cols_inherit mobiles-cols_1 valign_middle type_default stacking_default\"><div class=\"wpb_column vc_column_container us_custom_6c21c073 us_animate_this\"><div class=\"vc_column-inner\"><div class=\"w-image style_shadow-2 align_none\"><div class=\"w-image-h\"><div class=\"w-image-shadow\" style=\"background-image:url(https:\/\/termico.co\/wp-content\/uploads\/2024\/01\/termico-ergebnis-maschinen-600x400.jpg);\"><\/div><img decoding=\"async\" width=\"600\" height=\"400\" src=\"https:\/\/termico.co\/wp-content\/uploads\/2024\/01\/termico-ergebnis-maschinen-600x400.jpg\" class=\"attachment-us_600_400_crop size-us_600_400_crop\" alt=\"\" loading=\"lazy\" \/><\/div><\/div><\/div><\/div><div class=\"wpb_column vc_column_container us_custom_ba870b58 us_animate_this\"><div class=\"vc_column-inner\"><div class=\"wpb_text_column\"><div class=\"wpb_wrapper\"><p>Una inspecci\u00f3n visual al cabo de unas horas ya muestra los primeros resultados.<\/p>\n<\/div><\/div><\/div><\/div><\/div><\/div><\/section><section class=\"l-section wpb_row height_large color_primary\"><div class=\"l-section-h i-cf\"><div class=\"g-cols vc_row via_grid cols_1 laptops-cols_inherit tablets-cols_inherit mobiles-cols_1 valign_top type_default stacking_default\"><div class=\"wpb_column vc_column_container us_custom_60e9caca us_animate_this\"><div class=\"vc_column-inner\"><div class=\"w-actionbox us_custom_a3d5695e color_primary controls_bottom\"><div class=\"w-actionbox-text\"><h3 class=\"w-actionbox-title\">RECIBA ASESORAMIENTO INMEDIATO Y SIN COMPROMISO<\/h3><\/div><div class=\"w-actionbox-controls\"><a class=\"w-btn us-btn-style_6\" style=\"font-size:18px\" href=\"https:\/\/termico.co\/es\/kontakt\/\"><span class=\"w-btn-label\">Cont\u00e1ctenos<\/span><\/a><\/div><\/div><\/div><\/div><\/div><\/div><\/section>\n","protected":false},"excerpt":{"rendered":"ServiciosSUS NECESIDADES \u2013 NUESTRA MOTIVACI\u00d3N Para el control de plagas es fundamental inicialmente el an\u00e1lisis individual de la problem\u00e1tica presente.\u00a0 La soluci\u00f3n mas sencilla es: d\u00e9jelo todo en manos de nuestros expertos y enfoque sus esfuerzos simplemente en su actividad principal de negocio.\u00a0 Tambi\u00e9n le brindamos la posibilidad de comprar o alquilar nuestros equipos y...","protected":false},"author":1,"featured_media":0,"parent":0,"menu_order":0,"comment_status":"closed","ping_status":"closed","template":"","meta":{"_acf_changed":false,"_monsterinsights_skip_tracking":false,"_monsterinsights_sitenote_active":false,"_monsterinsights_sitenote_note":"","_monsterinsights_sitenote_category":0,"_uf_show_specific_survey":0,"_uf_disable_surveys":false,"footnotes":""},"class_list":["post-8004","page","type-page","status-publish","hentry"],"acf":[],"yoast_head":"<!-- This site is optimized with the Yoast SEO plugin v27.4 - https:\/\/yoast.com\/product\/yoast-seo-wordpress\/ -->\n<title>Servicios - Termico<\/title>\n<meta name=\"robots\" content=\"index, follow, max-snippet:-1, max-image-preview:large, max-video-preview:-1\" \/>\n<link rel=\"canonical\" href=\"https:\/\/termico.co\/es\/leistungen\/\" \/>\n<meta property=\"og:locale\" content=\"es_ES\" \/>\n<meta property=\"og:type\" content=\"article\" \/>\n<meta property=\"og:title\" content=\"Servicios - Termico\" \/>\n<meta property=\"og:url\" content=\"https:\/\/termico.co\/es\/leistungen\/\" \/>\n<meta property=\"og:site_name\" content=\"Termico\" \/>\n<meta property=\"article:modified_time\" content=\"2024-02-05T14:59:26+00:00\" \/>\n<meta name=\"twitter:card\" content=\"summary_large_image\" \/>\n<meta name=\"twitter:label1\" content=\"Tiempo de lectura\" \/>\n\t<meta name=\"twitter:data1\" content=\"6 minutos\" \/>\n<script type=\"application\/ld+json\" class=\"yoast-schema-graph\">{\"@context\":\"https:\\\/\\\/schema.org\",\"@graph\":[{\"@type\":\"WebPage\",\"@id\":\"https:\\\/\\\/termico.co\\\/es\\\/leistungen\\\/\",\"url\":\"https:\\\/\\\/termico.co\\\/es\\\/leistungen\\\/\",\"name\":\"Servicios - Termico\",\"isPartOf\":{\"@id\":\"https:\\\/\\\/termico.co\\\/#website\"},\"datePublished\":\"2023-10-27T10:55:00+00:00\",\"dateModified\":\"2024-02-05T14:59:26+00:00\",\"breadcrumb\":{\"@id\":\"https:\\\/\\\/termico.co\\\/es\\\/leistungen\\\/#breadcrumb\"},\"inLanguage\":\"es\",\"potentialAction\":[{\"@type\":\"ReadAction\",\"target\":[\"https:\\\/\\\/termico.co\\\/es\\\/leistungen\\\/\"]}]},{\"@type\":\"BreadcrumbList\",\"@id\":\"https:\\\/\\\/termico.co\\\/es\\\/leistungen\\\/#breadcrumb\",\"itemListElement\":[{\"@type\":\"ListItem\",\"position\":1,\"name\":\"Startseite\",\"item\":\"https:\\\/\\\/termico.co\\\/es\\\/home\\\/\"},{\"@type\":\"ListItem\",\"position\":2,\"name\":\"Servicios\"}]},{\"@type\":\"WebSite\",\"@id\":\"https:\\\/\\\/termico.co\\\/#website\",\"url\":\"https:\\\/\\\/termico.co\\\/\",\"name\":\"Termico\",\"description\":\"Industrielle Sch\u00e4dlingsbek\u00e4mpfung\",\"publisher\":{\"@id\":\"https:\\\/\\\/termico.co\\\/#organization\"},\"potentialAction\":[{\"@type\":\"SearchAction\",\"target\":{\"@type\":\"EntryPoint\",\"urlTemplate\":\"https:\\\/\\\/termico.co\\\/?s={search_term_string}\"},\"query-input\":{\"@type\":\"PropertyValueSpecification\",\"valueRequired\":true,\"valueName\":\"search_term_string\"}}],\"inLanguage\":\"es\"},{\"@type\":\"Organization\",\"@id\":\"https:\\\/\\\/termico.co\\\/#organization\",\"name\":\"Termico\",\"url\":\"https:\\\/\\\/termico.co\\\/\",\"logo\":{\"@type\":\"ImageObject\",\"inLanguage\":\"es\",\"@id\":\"https:\\\/\\\/termico.co\\\/#\\\/schema\\\/logo\\\/image\\\/\",\"url\":\"https:\\\/\\\/termico.co\\\/wp-content\\\/uploads\\\/2023\\\/11\\\/logo-termico.svg\",\"contentUrl\":\"https:\\\/\\\/termico.co\\\/wp-content\\\/uploads\\\/2023\\\/11\\\/logo-termico.svg\",\"width\":\"1024\",\"height\":\"1024\",\"caption\":\"Termico\"},\"image\":{\"@id\":\"https:\\\/\\\/termico.co\\\/#\\\/schema\\\/logo\\\/image\\\/\"}}]}<\/script>\n<!-- \/ Yoast SEO plugin. -->","yoast_head_json":{"title":"Servicios - Termico","robots":{"index":"index","follow":"follow","max-snippet":"max-snippet:-1","max-image-preview":"max-image-preview:large","max-video-preview":"max-video-preview:-1"},"canonical":"https:\/\/termico.co\/es\/leistungen\/","og_locale":"es_ES","og_type":"article","og_title":"Servicios - Termico","og_url":"https:\/\/termico.co\/es\/leistungen\/","og_site_name":"Termico","article_modified_time":"2024-02-05T14:59:26+00:00","twitter_card":"summary_large_image","twitter_misc":{"Tiempo de lectura":"6 minutos"},"schema":{"@context":"https:\/\/schema.org","@graph":[{"@type":"WebPage","@id":"https:\/\/termico.co\/es\/leistungen\/","url":"https:\/\/termico.co\/es\/leistungen\/","name":"Servicios - Termico","isPartOf":{"@id":"https:\/\/termico.co\/#website"},"datePublished":"2023-10-27T10:55:00+00:00","dateModified":"2024-02-05T14:59:26+00:00","breadcrumb":{"@id":"https:\/\/termico.co\/es\/leistungen\/#breadcrumb"},"inLanguage":"es","potentialAction":[{"@type":"ReadAction","target":["https:\/\/termico.co\/es\/leistungen\/"]}]},{"@type":"BreadcrumbList","@id":"https:\/\/termico.co\/es\/leistungen\/#breadcrumb","itemListElement":[{"@type":"ListItem","position":1,"name":"Startseite","item":"https:\/\/termico.co\/es\/home\/"},{"@type":"ListItem","position":2,"name":"Servicios"}]},{"@type":"WebSite","@id":"https:\/\/termico.co\/#website","url":"https:\/\/termico.co\/","name":"Termico","description":"Industrielle Sch\u00e4dlingsbek\u00e4mpfung","publisher":{"@id":"https:\/\/termico.co\/#organization"},"potentialAction":[{"@type":"SearchAction","target":{"@type":"EntryPoint","urlTemplate":"https:\/\/termico.co\/?s={search_term_string}"},"query-input":{"@type":"PropertyValueSpecification","valueRequired":true,"valueName":"search_term_string"}}],"inLanguage":"es"},{"@type":"Organization","@id":"https:\/\/termico.co\/#organization","name":"Termico","url":"https:\/\/termico.co\/","logo":{"@type":"ImageObject","inLanguage":"es","@id":"https:\/\/termico.co\/#\/schema\/logo\/image\/","url":"https:\/\/termico.co\/wp-content\/uploads\/2023\/11\/logo-termico.svg","contentUrl":"https:\/\/termico.co\/wp-content\/uploads\/2023\/11\/logo-termico.svg","width":"1024","height":"1024","caption":"Termico"},"image":{"@id":"https:\/\/termico.co\/#\/schema\/logo\/image\/"}}]}},"_links":{"self":[{"href":"https:\/\/termico.co\/es\/wp-json\/wp\/v2\/pages\/8004","targetHints":{"allow":["GET"]}}],"collection":[{"href":"https:\/\/termico.co\/es\/wp-json\/wp\/v2\/pages"}],"about":[{"href":"https:\/\/termico.co\/es\/wp-json\/wp\/v2\/types\/page"}],"author":[{"embeddable":true,"href":"https:\/\/termico.co\/es\/wp-json\/wp\/v2\/users\/1"}],"replies":[{"embeddable":true,"href":"https:\/\/termico.co\/es\/wp-json\/wp\/v2\/comments?post=8004"}],"version-history":[{"count":5,"href":"https:\/\/termico.co\/es\/wp-json\/wp\/v2\/pages\/8004\/revisions"}],"predecessor-version":[{"id":8241,"href":"https:\/\/termico.co\/es\/wp-json\/wp\/v2\/pages\/8004\/revisions\/8241"}],"wp:attachment":[{"href":"https:\/\/termico.co\/es\/wp-json\/wp\/v2\/media?parent=8004"}],"curies":[{"name":"wp","href":"https:\/\/api.w.org\/{rel}","templated":true}]}}